{"id":61,"date":"2026-03-16T01:04:43","date_gmt":"2026-03-16T00:04:43","guid":{"rendered":"https:\/\/daphnepaz.uproyecto.com\/?page_id=61"},"modified":"2026-03-29T01:51:40","modified_gmt":"2026-03-29T00:51:40","slug":"contactos","status":"publish","type":"page","link":"https:\/\/daphnepaz.uproyecto.com\/?page_id=61","title":{"rendered":"Contactos"},"content":{"rendered":"<p>[et_pb_section fb_built=\u00bb1&#8243; _builder_version=\u00bb4.27.5&#8243; _module_preset=\u00bbdefault\u00bb background_color=\u00bb#EA0032&#8243; global_colors_info=\u00bb{}\u00bb][et_pb_row _builder_version=\u00bb4.27.5&#8243; _module_preset=\u00bbdefault\u00bb width_last_edited=\u00bbon|phone\u00bb width_phone=\u00bb60%\u00bb hover_enabled=\u00bb0&#8243; sticky_enabled=\u00bb0&#8243;][et_pb_column _builder_version=\u00bb4.27.5&#8243; _module_preset=\u00bbdefault\u00bb type=\u00bb4_4&#8243;][dsm_typing_effect _builder_version=\u00bb4.27.5&#8243; _module_preset=\u00bbdefault\u00bb before_typing_effect=\u00bbResultados\u00bb before_new_line=\u00bboff\u00bb after_new_line=\u00bboff\u00bb header_text_color=\u00bb#E3E0FD\u00bb typing_effect=\u00bbque hablan por s\u00ed solos ;)\u00bb hover_enabled=\u00bb0&#8243; sticky_enabled=\u00bb0&#8243; before_typing_background_color=\u00bbRGBA(255,255,255,0)\u00bb before_text_color=\u00bb#4B0073&#8243; header_text_align=\u00bbcenter\u00bb header_font_size_last_edited=\u00bbon|phone\u00bb header_font_size_phone=\u00bb20px\u00bb header_letter_spacing_last_edited=\u00bbon|phone\u00bb header_line_height_last_edited=\u00bbon|phone\u00bb header_line_height_phone=\u00bb1.7em\u00bb][\/dsm_typing_effect][\/et_pb_column][\/et_pb_row][et_pb_row column_structure=\u00bb1_3,1_3,1_3&#8243; _builder_version=\u00bb4.27.5&#8243; _module_preset=\u00bbdefault\u00bb hover_enabled=\u00bb0&#8243; global_colors_info=\u00bb{}\u00bb sticky_enabled=\u00bb0&#8243;][et_pb_column type=\u00bb1_3&#8243; _builder_version=\u00bb4.27.5&#8243; _module_preset=\u00bbdefault\u00bb global_colors_info=\u00bb{}\u00bb][et_pb_circle_counter title=\u00bbClientes satisfechos\u00bb number=\u00bb90&#8243; bar_bg_color=\u00bb#C8AAFF\u00bb circle_color=\u00bb#E3E0FD\u00bb _builder_version=\u00bb4.27.5&#8243; _module_preset=\u00bbdefault\u00bb title_text_color=\u00bb#E3E0FD\u00bb number_font=\u00bb|700|||||||\u00bb number_text_color=\u00bb#4B0073&#8243; number_font_size=\u00bb60px\u00bb hover_enabled=\u00bb0&#8243; global_colors_info=\u00bb{}\u00bb sticky_enabled=\u00bb0&#8243;][\/et_pb_circle_counter][\/et_pb_column][et_pb_column type=\u00bb1_3&#8243; _builder_version=\u00bb4.27.5&#8243; _module_preset=\u00bbdefault\u00bb global_colors_info=\u00bb{}\u00bb][et_pb_circle_counter title=\u00bbIdentidad s\u00f3lida\u00bb number=\u00bb80&#8243; bar_bg_color=\u00bb#C8AAFF\u00bb circle_color=\u00bb#E3E0FD\u00bb _builder_version=\u00bb4.27.5&#8243; _module_preset=\u00bbdefault\u00bb title_text_color=\u00bb#E3E0FD\u00bb title_line_height=\u00bb1.3em\u00bb number_font=\u00bb|700|||||||\u00bb number_text_color=\u00bb#4B0073&#8243; number_font_size=\u00bb60px\u00bb hover_enabled=\u00bb0&#8243; global_colors_info=\u00bb{}\u00bb sticky_enabled=\u00bb0&#8243;][\/et_pb_circle_counter][\/et_pb_column][et_pb_column type=\u00bb1_3&#8243; _builder_version=\u00bb4.27.5&#8243; _module_preset=\u00bbdefault\u00bb global_colors_info=\u00bb{}\u00bb][et_pb_circle_counter title=\u00bbConcepto estrat\u00e9gico\u00bb number=\u00bb85&#8243; bar_bg_color=\u00bb#C8AAFF\u00bb circle_color=\u00bb#E3E0FD\u00bb _builder_version=\u00bb4.27.5&#8243; _module_preset=\u00bbdefault\u00bb title_text_color=\u00bb#E3E0FD\u00bb title_line_height=\u00bb1.3em\u00bb number_font=\u00bb|700|||||||\u00bb number_text_color=\u00bb#4B0073&#8243; number_font_size=\u00bb60px\u00bb global_colors_info=\u00bb{}\u00bb][\/et_pb_circle_counter][\/et_pb_column][\/et_pb_row][\/et_pb_section][et_pb_section fb_built=\u00bb1&#8243; _builder_version=\u00bb4.27.5&#8243; _module_preset=\u00bbdefault\u00bb background_color=\u00bb#E3E0FD\u00bb global_colors_info=\u00bb{}\u00bb][et_pb_row column_structure=\u00bb1_3,1_3,1_3&#8243; _builder_version=\u00bb4.27.5&#8243; _module_preset=\u00bbdefault\u00bb global_colors_info=\u00bb{}\u00bb][et_pb_column type=\u00bb1_3&#8243; _builder_version=\u00bb4.27.5&#8243; _module_preset=\u00bbdefault\u00bb global_colors_info=\u00bb{}\u00bb][et_pb_testimonial author=\u00bbMar\u00eda L\u00f3pez\u00bb job_title=\u00bbFundadora de marca de ropa\u00bb portrait_url=\u00bbhttps:\/\/daphnepaz.uproyecto.com\/wp-content\/uploads\/2026\/03\/Gemini_Generated_Image_on93yson93yson93.png\u00bb quote_icon_color=\u00bb#EA0032&#8243; quote_icon_background_color=\u00bb#E3E0FD\u00bb use_icon_font_size=\u00bbon\u00bb icon_font_size=\u00bb36px\u00bb _builder_version=\u00bb4.27.5&#8243; _module_preset=\u00bbdefault\u00bb body_text_color=\u00bb#E3E0FD\u00bb body_font_size=\u00bb16px\u00bb body_line_height=\u00bb1.3em\u00bb author_text_color=\u00bb#E3E0FD\u00bb author_font_size=\u00bb18px\u00bb author_line_height=\u00bb1em\u00bb position_text_color=\u00bb#E3E0FD\u00bb position_font_size=\u00bb12px\u00bb position_line_height=\u00bb1em\u00bb background_color=\u00bb#4B0073&#8243; width=\u00bb100%\u00bb box_shadow_style_image=\u00bbpreset3&#8243; global_colors_info=\u00bb{}\u00bb]<\/p>\n<p>Daphne logr\u00f3 entender mi idea desde el inicio y convertirla en una identidad visual que realmente representa mi marca.<\/p>\n<p>[\/et_pb_testimonial][\/et_pb_column][et_pb_column type=\u00bb1_3&#8243; _builder_version=\u00bb4.27.5&#8243; _module_preset=\u00bbdefault\u00bb global_colors_info=\u00bb{}\u00bb][et_pb_testimonial author=\u00bbCarlos M\u00e9ndez\u00bb job_title=\u00bbEmprendedor\u00bb portrait_url=\u00bbhttps:\/\/daphnepaz.uproyecto.com\/wp-content\/uploads\/2026\/03\/Gemini_Generated_Image_rb9a0lrb9a0lrb9a.png\u00bb quote_icon_color=\u00bb#EA0032&#8243; quote_icon_background_color=\u00bb#E3E0FD\u00bb use_icon_font_size=\u00bbon\u00bb icon_font_size=\u00bb36px\u00bb _builder_version=\u00bb4.27.5&#8243; _module_preset=\u00bbdefault\u00bb body_text_color=\u00bb#E3E0FD\u00bb body_font_size=\u00bb16px\u00bb body_line_height=\u00bb1.3em\u00bb author_text_color=\u00bb#E3E0FD\u00bb author_font_size=\u00bb18px\u00bb author_line_height=\u00bb1em\u00bb position_text_color=\u00bb#E3E0FD\u00bb position_font_size=\u00bb12px\u00bb position_line_height=\u00bb1em\u00bb background_color=\u00bb#4B0073&#8243; width=\u00bb100%\u00bb box_shadow_style_image=\u00bbpreset3&#8243; global_colors_info=\u00bb{}\u00bb]<\/p>\n<p>Con su trabajo me encant\u00f3 su atenci\u00f3n al detalle. Cada elemento ten\u00eda sentido y se ve\u00eda incre\u00edble el resultado.<\/p>\n<p>[\/et_pb_testimonial][\/et_pb_column][et_pb_column type=\u00bb1_3&#8243; _builder_version=\u00bb4.27.5&#8243; _module_preset=\u00bbdefault\u00bb global_colors_info=\u00bb{}\u00bb][et_pb_testimonial author=\u00bbSof\u00eda Castillo\u00bb job_title=\u00bbPropietaria de cafeter\u00eda\u00bb portrait_url=\u00bbhttps:\/\/daphnepaz.uproyecto.com\/wp-content\/uploads\/2026\/03\/Gemini_Generated_Image_8hs60l8hs60l8hs6.png\u00bb quote_icon_color=\u00bb#EA0032&#8243; quote_icon_background_color=\u00bb#E3E0FD\u00bb use_icon_font_size=\u00bbon\u00bb icon_font_size=\u00bb36px\u00bb _builder_version=\u00bb4.27.5&#8243; _module_preset=\u00bbdefault\u00bb body_text_color=\u00bb#E3E0FD\u00bb body_font_size=\u00bb16px\u00bb body_line_height=\u00bb1.3em\u00bb author_text_color=\u00bb#E3E0FD\u00bb author_font_size=\u00bb18px\u00bb author_line_height=\u00bb1em\u00bb position_text_color=\u00bb#E3E0FD\u00bb position_font_size=\u00bb12px\u00bb position_line_height=\u00bb1em\u00bb background_color=\u00bb#4B0073&#8243; width=\u00bb100%\u00bb box_shadow_style_image=\u00bbpreset3&#8243; global_colors_info=\u00bb{}\u00bb]<\/p>\n<p>Logr\u00f3 darle personalidad a mi proyecto de una forma muy aut\u00e9ntica y visualmente fuerte. \u00a1Me encanto! :3<\/p>\n<p>[\/et_pb_testimonial][\/et_pb_column][\/et_pb_row][\/et_pb_section][et_pb_section fb_built=\u00bb1&#8243; _builder_version=\u00bb4.27.5&#8243; _module_preset=\u00bbdefault\u00bb background_image=\u00bbhttps:\/\/daphnepaz.uproyecto.com\/wp-content\/uploads\/2026\/03\/COMPU1.png\u00bb min_height_tablet=\u00bb382px\u00bb min_height_phone=\u00bb350px\u00bb min_height_last_edited=\u00bbon|desktop\u00bb height=\u00bb735px\u00bb height_tablet=\u00bb735px\u00bb height_phone=\u00bb209px\u00bb height_last_edited=\u00bbon|tablet\u00bb background_last_edited=\u00bbon|desktop\u00bb background_image_phone=\u00bbhttps:\/\/daphnepaz.uproyecto.com\/wp-content\/uploads\/2026\/03\/COMPU2.1.png\u00bb background_enable_image_phone=\u00bbon\u00bb module_alignment_tablet=\u00bb\u00bb module_alignment_phone=\u00bb\u00bb module_alignment_last_edited=\u00bbon|phone\u00bb global_colors_info=\u00bb{}\u00bb][et_pb_row _builder_version=\u00bb4.27.5&#8243; _module_preset=\u00bbdefault\u00bb global_colors_info=\u00bb{}\u00bb][et_pb_column type=\u00bb4_4&#8243; _builder_version=\u00bb4.27.5&#8243; _module_preset=\u00bbdefault\u00bb global_colors_info=\u00bb{}\u00bb][et_pb_heading title=\u00bbTodo empieza con una idea\u00bb _builder_version=\u00bb4.27.5&#8243; _module_preset=\u00bbdefault\u00bb title_text_color=\u00bb#E3E0FD\u00bb hover_enabled=\u00bb0&#8243; sticky_enabled=\u00bb0&#8243; title_text_align=\u00bbcenter\u00bb title_font_size_last_edited=\u00bbon|phone\u00bb title_font_size_phone=\u00bb18px\u00bb custom_margin_last_edited=\u00bbon|phone\u00bb custom_margin_phone=\u00bb-42px||||false|false\u00bb][\/et_pb_heading][et_pb_text _builder_version=\u00bb4.27.5&#8243; _module_preset=\u00bbdefault\u00bb text_text_color=\u00bb#E3E0FD\u00bb text_orientation=\u00bbcenter\u00bb hover_enabled=\u00bb0&#8243; sticky_enabled=\u00bb0&#8243; custom_margin_last_edited=\u00bbon|phone\u00bb custom_margin=\u00bb-31px||||false|false\u00bb custom_margin_phone=\u00bb-35px||57px||false|false\u00bb header_font_size_last_edited=\u00bbon|phone\u00bb header_font_size_phone=\u00bb1px\u00bb text_font_size_last_edited=\u00bbon|phone\u00bb text_font_size_phone=\u00bb10px\u00bb text_line_height_last_edited=\u00bbon|phone\u00bb text_line_height_phone=\u00bb1.3em\u00bb content_last_edited=\u00bbon|phone\u00bb content_phone=\u00bb<\/p>\n<p style=%22text-align: center;%22>Cu\u00e9ntame la tuya y construyamos algo que realmente destaque.<\/p>\n<p>\u00bb width_last_edited=\u00bbon|phone\u00bb width_phone=\u00bb68%\u00bb module_alignment_last_edited=\u00bbon|phone\u00bb module_alignment_phone=\u00bbcenter\u00bb custom_margin_tablet=\u00bb-31px||||false|false\u00bb content_tablet=\u00bb<\/p>\n<p style=%22text-align: center;%22>Cu\u00e9ntame la tuya y construyamos algo que realmente destaque.<\/p>\n<p>\u00ab]<\/p>\n<p style=\"text-align: center;\">Cu\u00e9ntame la tuya y construyamos algo que realmente destaque.<\/p>\n<p>[\/et_pb_text][et_pb_contact_form _builder_version=\u00bb4.27.5&#8243; _module_preset=\u00bbdefault\u00bb _unique_id=\u00bb57abddfb-0391-4d2f-8009-18cf46abe4d3&#8243; form_field_background_color=\u00bb#E3E0FD\u00bb form_field_text_color=\u00bb#4B0073&#8243; form_field_focus_background_color=\u00bb#E3E0FD\u00bb form_field_custom_margin_tablet=\u00bb\u00bb form_field_custom_margin_phone=\u00bb||10px||false|false\u00bb form_field_custom_margin_last_edited=\u00bbon|phone\u00bb form_field_custom_padding_tablet=\u00bb\u00bb form_field_custom_padding_phone=\u00bb12px||13px|17px|false|false\u00bb form_field_custom_padding_last_edited=\u00bbon|phone\u00bb captcha_text_color=\u00bb#E3E0FD\u00bb form_field_font_size=\u00bb11px\u00bb form_field_line_height=\u00bb1em\u00bb custom_button=\u00bbon\u00bb button_text_size=\u00bb14px\u00bb button_text_color=\u00bb#E3E0FD\u00bb button_bg_color=\u00bb#EA0032&#8243; button_border_radius=\u00bb100px\u00bb button_icon=\u00bb&#xe031;||divi||400&#8243; transform_scale_tablet=\u00bb\u00bb transform_scale_phone=\u00bb78%|78%\u00bb transform_scale_last_edited=\u00bbon|phone\u00bb transform_translate_tablet=\u00bb\u00bb transform_translate_phone=\u00bb\u00bb transform_translate_last_edited=\u00bbon|phone\u00bb transform_rotate_tablet=\u00bb\u00bb transform_rotate_phone=\u00bb\u00bb transform_rotate_last_edited=\u00bbon|phone\u00bb transform_skew_tablet=\u00bb\u00bb transform_skew_phone=\u00bb\u00bb transform_skew_last_edited=\u00bbon|phone\u00bb transform_origin_tablet=\u00bb\u00bb transform_origin_phone=\u00bb\u00bb transform_origin_last_edited=\u00bbon|phone\u00bb transform_styles_last_edited=\u00bbon|phone\u00bb width=\u00bb70%\u00bb width_tablet=\u00bb77%\u00bb width_phone=\u00bb100%\u00bb width_last_edited=\u00bbon|phone\u00bb max_width_tablet=\u00bb\u00bb max_width_phone=\u00bb\u00bb max_width_last_edited=\u00bbon|tablet\u00bb min_height_tablet=\u00bb\u00bb min_height_phone=\u00bb\u00bb min_height_last_edited=\u00bbon|phone\u00bb height_tablet=\u00bb\u00bb height_phone=\u00bb\u00bb height_last_edited=\u00bbon|phone\u00bb max_height=\u00bb1000px\u00bb custom_margin=\u00bb|||176px|false|false\u00bb custom_margin_tablet=\u00bb22px|||68px|false|false\u00bb custom_margin_phone=\u00bb-79px|||3px|false|false\u00bb custom_margin_last_edited=\u00bbon|desktop\u00bb transform_styles_tablet=\u00bb\u00bb transform_styles_phone=\u00bb\u00bb border_radii=\u00bbon|14px|14px|14px|14px\u00bb box_shadow_style=\u00bbpreset3&#8243; global_colors_info=\u00bb{}\u00bb max_height__hover_enabled=\u00bbon|desktop\u00bb max_height__hover=\u00bb1000px\u00bb][et_pb_contact_field field_id=\u00bbName\u00bb field_title=\u00bb\u00bfC\u00f3mo te llamas?\u00bb _builder_version=\u00bb4.27.5&#8243; global_colors_info=\u00bb{}\u00bb button_text_size__hover_enabled=\u00bboff\u00bb button_one_text_size__hover_enabled=\u00bboff\u00bb button_two_text_size__hover_enabled=\u00bboff\u00bb button_text_color__hover_enabled=\u00bboff\u00bb button_one_text_color__hover_enabled=\u00bboff\u00bb button_two_text_color__hover_enabled=\u00bboff\u00bb button_border_width__hover_enabled=\u00bboff\u00bb button_one_border_width__hover_enabled=\u00bboff\u00bb button_two_border_width__hover_enabled=\u00bboff\u00bb button_border_color__hover_enabled=\u00bboff\u00bb button_one_border_color__hover_enabled=\u00bboff\u00bb button_two_border_color__hover_enabled=\u00bboff\u00bb button_border_radius__hover_enabled=\u00bboff\u00bb button_one_border_radius__hover_enabled=\u00bboff\u00bb button_two_border_radius__hover_enabled=\u00bboff\u00bb button_letter_spacing__hover_enabled=\u00bboff\u00bb button_one_letter_spacing__hover_enabled=\u00bboff\u00bb button_two_letter_spacing__hover_enabled=\u00bboff\u00bb button_bg_color__hover_enabled=\u00bboff\u00bb button_one_bg_color__hover_enabled=\u00bboff\u00bb button_two_bg_color__hover_enabled=\u00bboff\u00bb][\/et_pb_contact_field][et_pb_contact_field field_id=\u00bbEmail\u00bb field_title=\u00bbTu correo (para responderte)\u00bb field_type=\u00bbemail\u00bb _builder_version=\u00bb4.27.5&#8243; global_colors_info=\u00bb{}\u00bb button_text_size__hover_enabled=\u00bboff\u00bb button_one_text_size__hover_enabled=\u00bboff\u00bb button_two_text_size__hover_enabled=\u00bboff\u00bb button_text_color__hover_enabled=\u00bboff\u00bb button_one_text_color__hover_enabled=\u00bboff\u00bb button_two_text_color__hover_enabled=\u00bboff\u00bb button_border_width__hover_enabled=\u00bboff\u00bb button_one_border_width__hover_enabled=\u00bboff\u00bb button_two_border_width__hover_enabled=\u00bboff\u00bb button_border_color__hover_enabled=\u00bboff\u00bb button_one_border_color__hover_enabled=\u00bboff\u00bb button_two_border_color__hover_enabled=\u00bboff\u00bb button_border_radius__hover_enabled=\u00bboff\u00bb button_one_border_radius__hover_enabled=\u00bboff\u00bb button_two_border_radius__hover_enabled=\u00bboff\u00bb button_letter_spacing__hover_enabled=\u00bboff\u00bb button_one_letter_spacing__hover_enabled=\u00bboff\u00bb button_two_letter_spacing__hover_enabled=\u00bboff\u00bb button_bg_color__hover_enabled=\u00bboff\u00bb button_one_bg_color__hover_enabled=\u00bboff\u00bb button_two_bg_color__hover_enabled=\u00bboff\u00bb][\/et_pb_contact_field][et_pb_contact_field field_id=\u00bbMessage\u00bb field_title=\u00bbCu\u00e9ntame tu idea, proyecto o lo que tienes en mente\u2026\u00bb field_type=\u00bbtext\u00bb fullwidth_field=\u00bbon\u00bb _builder_version=\u00bb4.27.5&#8243; global_colors_info=\u00bb{}\u00bb button_text_size__hover_enabled=\u00bboff\u00bb button_one_text_size__hover_enabled=\u00bboff\u00bb button_two_text_size__hover_enabled=\u00bboff\u00bb button_text_color__hover_enabled=\u00bboff\u00bb button_one_text_color__hover_enabled=\u00bboff\u00bb button_two_text_color__hover_enabled=\u00bboff\u00bb button_border_width__hover_enabled=\u00bboff\u00bb button_one_border_width__hover_enabled=\u00bboff\u00bb button_two_border_width__hover_enabled=\u00bboff\u00bb button_border_color__hover_enabled=\u00bboff\u00bb button_one_border_color__hover_enabled=\u00bboff\u00bb button_two_border_color__hover_enabled=\u00bboff\u00bb button_border_radius__hover_enabled=\u00bboff\u00bb button_one_border_radius__hover_enabled=\u00bboff\u00bb button_two_border_radius__hover_enabled=\u00bboff\u00bb button_letter_spacing__hover_enabled=\u00bboff\u00bb button_one_letter_spacing__hover_enabled=\u00bboff\u00bb button_two_letter_spacing__hover_enabled=\u00bboff\u00bb button_bg_color__hover_enabled=\u00bboff\u00bb button_one_bg_color__hover_enabled=\u00bboff\u00bb button_two_bg_color__hover_enabled=\u00bboff\u00bb][\/et_pb_contact_field][\/et_pb_contact_form][\/et_pb_column][\/et_pb_row][\/et_pb_section]<\/p>\n","protected":false},"excerpt":{"rendered":"<p><div class=\"et_pb_module dsm_typing_effect dsm_typing_effect_0 et_pb_bg_layout_light \">\n\t\t\t\t\n\t\t\t\t\n\t\t\t\t\n\t\t\t\t\n\t\t\t\t\n\t\t\t\t\n\t\t\t\t<div class=\"et_pb_module_inner\">\n\t\t\t\t\t<h1 class=\"dsm-typing-effect et_pb_module_header\"><span class=\"dsm-before-typing-effect\">Resultados&nbsp;<\/span><span class=\"dsm-typing-wrapper\"><span class=\"dsm-typing-strings\">que hablan por s\u00ed solos ;)<\/span><span class=\"dsm-typing\" data-dsm-typing-cursor=\"|\" data-dsm-typing-strings=\"que hablan por s\u00ed solos ;)\" data-dsm-typing-speed=100ms data-dsm-typing-backspeed=50ms data-dsm-typing-backdelay=700ms data-dsm-typing-loop=true data-dsm-typing-fadeout=false data-dsm-typing-shuffle=false data-dsm-typing-delay=0ms data-dsm-typing-viewport=80% data-dsm-typing-repeat=on><\/span><\/span><\/h1>\n\t\t\t\t<\/div>\n\t\t\t<\/div>Daphne logr\u00f3 entender mi idea desde el inicio y convertirla en una identidad visual que realmente representa mi marca.Con su trabajo me encant\u00f3 su atenci\u00f3n al detalle. Cada elemento ten\u00eda sentido y se [&hellip;]<\/p>\n","protected":false},"author":1,"featured_media":0,"parent":0,"menu_order":0,"comment_status":"closed","ping_status":"closed","template":"","meta":{"_et_pb_use_builder":"on","_et_pb_old_content":"<!-- wp:divi\/placeholder \/-->","_et_gb_content_width":"","_joinchat":[],"footnotes":""},"class_list":["post-61","page","type-page","status-publish","hentry"],"_links":{"self":[{"href":"https:\/\/daphnepaz.uproyecto.com\/index.php?rest_route=\/wp\/v2\/pages\/61","targetHints":{"allow":["GET"]}}],"collection":[{"href":"https:\/\/daphnepaz.uproyecto.com\/index.php?rest_route=\/wp\/v2\/pages"}],"about":[{"href":"https:\/\/daphnepaz.uproyecto.com\/index.php?rest_route=\/wp\/v2\/types\/page"}],"author":[{"embeddable":true,"href":"https:\/\/daphnepaz.uproyecto.com\/index.php?rest_route=\/wp\/v2\/users\/1"}],"replies":[{"embeddable":true,"href":"https:\/\/daphnepaz.uproyecto.com\/index.php?rest_route=%2Fwp%2Fv2%2Fcomments&post=61"}],"version-history":[{"count":9,"href":"https:\/\/daphnepaz.uproyecto.com\/index.php?rest_route=\/wp\/v2\/pages\/61\/revisions"}],"predecessor-version":[{"id":464,"href":"https:\/\/daphnepaz.uproyecto.com\/index.php?rest_route=\/wp\/v2\/pages\/61\/revisions\/464"}],"wp:attachment":[{"href":"https:\/\/daphnepaz.uproyecto.com\/index.php?rest_route=%2Fwp%2Fv2%2Fmedia&parent=61"}],"curies":[{"name":"wp","href":"https:\/\/api.w.org\/{rel}","templated":true}]}}