{"id":78,"date":"2026-03-16T01:14:13","date_gmt":"2026-03-16T00:14:13","guid":{"rendered":"https:\/\/daphnepaz.uproyecto.com\/?page_id=78"},"modified":"2026-03-25T15:57:30","modified_gmt":"2026-03-25T14:57:30","slug":"inicio","status":"publish","type":"page","link":"https:\/\/daphnepaz.uproyecto.com\/","title":{"rendered":"Inicio"},"content":{"rendered":"<p>[et_pb_section fb_built=\u00bb1&#8243; _builder_version=\u00bb4.27.5&#8243; _module_preset=\u00bbdefault\u00bb background_video_mp4=\u00bbhttps:\/\/daphnepaz.uproyecto.com\/wp-content\/uploads\/2026\/03\/Portad-animada-Daph_2.webm\u00bb height=\u00bb806px\u00bb height_tablet=\u00bb431px\u00bb height_phone=\u00bb225px\u00bb height_last_edited=\u00bbon|tablet\u00bb module_alignment_tablet=\u00bb\u00bb module_alignment_phone=\u00bb\u00bb module_alignment_last_edited=\u00bbon|phone\u00bb global_colors_info=\u00bb{}\u00bb][\/et_pb_section][et_pb_section fb_built=\u00bb1&#8243; _builder_version=\u00bb4.27.5&#8243; _module_preset=\u00bbdefault\u00bb background_color=\u00bb#e5e5f9&#8243; custom_padding=\u00bb|0px||||\u00bb global_colors_info=\u00bb{}\u00bb][et_pb_row column_structure=\u00bb3_5,2_5&#8243; _builder_version=\u00bb4.27.5&#8243; _module_preset=\u00bbdefault\u00bb max_width=\u00bb2560px\u00bb max_width_tablet=\u00bb2560px\u00bb max_width_phone=\u00bb2560px\u00bb max_width_last_edited=\u00bbon|phone\u00bb custom_margin=\u00bb-30px||-30px||false|false\u00bb custom_margin_tablet=\u00bb-30px||-30px||false|false\u00bb custom_margin_phone=\u00bb-30px||-30px||false|false\u00bb custom_margin_last_edited=\u00bbon|desktop\u00bb global_colors_info=\u00bb{}\u00bb][et_pb_column type=\u00bb3_5&#8243; _builder_version=\u00bb4.27.5&#8243; _module_preset=\u00bbdefault\u00bb global_colors_info=\u00bb{}\u00bb][et_pb_image src=\u00bbhttps:\/\/daphnepaz.uproyecto.com\/wp-content\/uploads\/2026\/03\/Camara-Foto-1.png\u00bb title_text=\u00bbCamara-Foto\u00bb _builder_version=\u00bb4.27.5&#8243; _module_preset=\u00bbdefault\u00bb custom_margin_tablet=\u00bb\u00bb custom_margin_phone=\u00bb-30px|21px|0px|0px|false|false\u00bb custom_margin_last_edited=\u00bbon|phone\u00bb global_colors_info=\u00bb{}\u00bb][\/et_pb_image][\/et_pb_column][et_pb_column type=\u00bb2_5&#8243; _builder_version=\u00bb4.27.5&#8243; _module_preset=\u00bbdefault\u00bb global_colors_info=\u00bb{}\u00bb][et_pb_text _builder_version=\u00bb4.27.5&#8243; _module_preset=\u00bbdefault\u00bb text_font=\u00bbAnonymous Pro||on||||||\u00bb text_text_color=\u00bb#4B0073&#8243; text_font_size=\u00bb15px\u00bb text_line_height=\u00bb1.4em\u00bb width_tablet=\u00bb78%\u00bb width_phone=\u00bb76%\u00bb width_last_edited=\u00bbon|tablet\u00bb max_width_tablet=\u00bb\u00bb max_width_phone=\u00bb87%\u00bb max_width_last_edited=\u00bbon|phone\u00bb module_alignment=\u00bbleft\u00bb custom_margin=\u00bb92px||||false|false\u00bb custom_margin_tablet=\u00bb-8px||16px||false|false\u00bb custom_margin_phone=\u00bb||-16px||false|false\u00bb custom_margin_last_edited=\u00bbon|phone\u00bb text_font_size_tablet=\u00bb16px\u00bb text_font_size_phone=\u00bb9px\u00bb text_font_size_last_edited=\u00bbon|phone\u00bb text_letter_spacing_tablet=\u00bb\u00bb text_letter_spacing_phone=\u00bb\u00bb text_letter_spacing_last_edited=\u00bbon|phone\u00bb text_line_height_tablet=\u00bb1.2em\u00bb text_line_height_phone=\u00bb1.2em\u00bb text_line_height_last_edited=\u00bbon|phone\u00bb text_orientation_tablet=\u00bbcenter\u00bb text_orientation_phone=\u00bbcenter\u00bb text_orientation_last_edited=\u00bbon|tablet\u00bb module_alignment_tablet=\u00bbcenter\u00bb module_alignment_phone=\u00bbcenter\u00bb module_alignment_last_edited=\u00bbon|tablet\u00bb global_colors_info=\u00bb{}\u00bb]<\/p>\n<p><em><strong>Soy Daphne<\/strong>, tengo 20 a\u00f1os y estudio Dise\u00f1o Gr\u00e1fico. Mi nombre Daphne expresa mi esencia, una mezcla de intuici\u00f3n y creatividad.<\/em><\/p>\n<p><em>Abro las puertas de mi mundo creativo para compartir mi visi\u00f3n, mi proceso y todo lo que puedo aportar a tu marca a trav\u00e9s del dise\u00f1o, el branding, redes sociales, fotograf\u00eda y m\u00e1s.<\/em><\/p>\n<p>[\/et_pb_text][\/et_pb_column][\/et_pb_row][\/et_pb_section][et_pb_section fb_built=\u00bb1&#8243; _builder_version=\u00bb4.27.5&#8243; _module_preset=\u00bbdefault\u00bb background_enable_color=\u00bboff\u00bb background_image=\u00bbhttps:\/\/daphnepaz.uproyecto.com\/wp-content\/uploads\/2026\/03\/OJOS.5.jpg\u00bb parallax=\u00bbon\u00bb parallax_method=\u00bboff\u00bb height=\u00bb400px\u00bb height_tablet=\u00bb300px\u00bb height_phone=\u00bb100px\u00bb height_last_edited=\u00bbon|phone\u00bb background_last_edited=\u00bbon|tablet\u00bb background_image_tablet=\u00bbhttps:\/\/daphnepaz.uproyecto.com\/wp-content\/uploads\/2026\/03\/OJOS.6.jpg\u00bb background_image_phone=\u00bbhttps:\/\/daphnepaz.uproyecto.com\/wp-content\/uploads\/2026\/03\/OJOS.6.jpg\u00bb background_enable_image_tablet=\u00bbon\u00bb background_enable_image_phone=\u00bbon\u00bb parallax_method_tablet=\u00bboff\u00bb parallax_method_phone=\u00bbon\u00bb global_colors_info=\u00bb{}\u00bb][\/et_pb_section][et_pb_section fb_built=\u00bb1&#8243; _builder_version=\u00bb4.27.5&#8243; _module_preset=\u00bbdefault\u00bb background_enable_color=\u00bboff\u00bb background_image=\u00bbhttps:\/\/daphnepaz.uproyecto.com\/wp-content\/uploads\/2026\/03\/Carpetas1.1.png\u00bb height=\u00bb600px\u00bb height_tablet=\u00bb320px\u00bb height_phone=\u00bb166px\u00bb height_last_edited=\u00bbon|tablet\u00bb background_last_edited=\u00bbon|phone\u00bb background_image_phone=\u00bbhttps:\/\/daphnepaz.uproyecto.com\/wp-content\/uploads\/2026\/03\/Carpetas1.1.png\u00bb background_enable_image_phone=\u00bbon\u00bb global_colors_info=\u00bb{}\u00bb][et_pb_row _builder_version=\u00bb4.27.5&#8243; _module_preset=\u00bbdefault\u00bb global_colors_info=\u00bb{}\u00bb][et_pb_column type=\u00bb4_4&#8243; _builder_version=\u00bb4.27.5&#8243; _module_preset=\u00bbdefault\u00bb global_colors_info=\u00bb{}\u00bb][et_pb_button button_url=\u00bbhttps:\/\/daphnepaz.uproyecto.com\/?page_id=83&#8243; button_text=\u00bbVer m\u00e1s\u00bb _builder_version=\u00bb4.27.5&#8243; _module_preset=\u00bbdefault\u00bb custom_button=\u00bbon\u00bb button_text_color=\u00bb#4B0073&#8243; button_bg_color=\u00bb#E3E0FD\u00bb button_border_width=\u00bb0px\u00bb button_border_radius=\u00bb100px\u00bb button_icon=\u00bb&#xe031;||divi||400&#8243; custom_margin=\u00bb351px|||324px|false|false\u00bb custom_margin_tablet=\u00bb150px|||180px|false|false\u00bb custom_margin_phone=\u00bb34px|||96px|false|false\u00bb custom_margin_last_edited=\u00bbon|desktop\u00bb button_text_size_tablet=\u00bb14px\u00bb button_text_size_phone=\u00bb7px\u00bb button_text_size_last_edited=\u00bbon|tablet\u00bb box_shadow_style=\u00bbpreset3&#8243; global_colors_info=\u00bb{}\u00bb][\/et_pb_button][\/et_pb_column][\/et_pb_row][\/et_pb_section][et_pb_section fb_built=\u00bb1&#8243; _builder_version=\u00bb4.27.5&#8243; _module_preset=\u00bbdefault\u00bb background_enable_color=\u00bboff\u00bb background_image=\u00bbhttps:\/\/daphnepaz.uproyecto.com\/wp-content\/uploads\/2026\/03\/Carpetas2.1.png\u00bb height=\u00bb600px\u00bb height_tablet=\u00bb320px\u00bb height_phone=\u00bb166px\u00bb height_last_edited=\u00bbon|tablet\u00bb background_last_edited=\u00bbon|phone\u00bb background_image_phone=\u00bbhttps:\/\/daphnepaz.uproyecto.com\/wp-content\/uploads\/2026\/03\/Carpetas2.1.png\u00bb background_enable_image_phone=\u00bbon\u00bb global_colors_info=\u00bb{}\u00bb][et_pb_row _builder_version=\u00bb4.27.5&#8243; _module_preset=\u00bbdefault\u00bb global_colors_info=\u00bb{}\u00bb][et_pb_column type=\u00bb4_4&#8243; _builder_version=\u00bb4.27.5&#8243; _module_preset=\u00bbdefault\u00bb global_colors_info=\u00bb{}\u00bb][et_pb_button button_url=\u00bbhttps:\/\/daphnepaz.uproyecto.com\/?page_id=65&#8243; button_text=\u00bbVer m\u00e1s\u00bb _builder_version=\u00bb4.27.5&#8243; _module_preset=\u00bbdefault\u00bb custom_button=\u00bbon\u00bb button_text_color=\u00bb#4B0073&#8243; button_bg_color=\u00bb#C8AAFF\u00bb button_border_width=\u00bb0px\u00bb button_border_radius=\u00bb100px\u00bb button_icon=\u00bb&#xe031;||divi||400&#8243; custom_margin=\u00bb351px|||324px|false|false\u00bb custom_margin_tablet=\u00bb150px|||180px|false|false\u00bb custom_margin_phone=\u00bb34px|||96px|false|false\u00bb custom_margin_last_edited=\u00bbon|desktop\u00bb button_text_size_tablet=\u00bb14px\u00bb button_text_size_phone=\u00bb7px\u00bb button_text_size_last_edited=\u00bbon|tablet\u00bb box_shadow_style=\u00bbpreset3&#8243; global_colors_info=\u00bb{}\u00bb][\/et_pb_button][\/et_pb_column][\/et_pb_row][\/et_pb_section][et_pb_section fb_built=\u00bb1&#8243; _builder_version=\u00bb4.27.5&#8243; _module_preset=\u00bbdefault\u00bb background_enable_color=\u00bboff\u00bb background_image=\u00bbhttps:\/\/daphnepaz.uproyecto.com\/wp-content\/uploads\/2026\/03\/Carpetas3.png\u00bb height=\u00bb600px\u00bb height_tablet=\u00bb320px\u00bb height_phone=\u00bb166px\u00bb height_last_edited=\u00bbon|tablet\u00bb background_last_edited=\u00bbon|phone\u00bb background_image_phone=\u00bbhttps:\/\/daphnepaz.uproyecto.com\/wp-content\/uploads\/2026\/03\/Carpetas3.png\u00bb background_enable_image_phone=\u00bbon\u00bb global_colors_info=\u00bb{}\u00bb][et_pb_row _builder_version=\u00bb4.27.5&#8243; _module_preset=\u00bbdefault\u00bb global_colors_info=\u00bb{}\u00bb][et_pb_column type=\u00bb4_4&#8243; _builder_version=\u00bb4.27.5&#8243; _module_preset=\u00bbdefault\u00bb global_colors_info=\u00bb{}\u00bb][et_pb_button button_url=\u00bbhttps:\/\/daphnepaz.uproyecto.com\/?page_id=206&#8243; button_text=\u00bbVer m\u00e1s\u00bb _builder_version=\u00bb4.27.5&#8243; _module_preset=\u00bbdefault\u00bb custom_button=\u00bbon\u00bb button_text_color=\u00bb#E3E0FD\u00bb button_bg_color=\u00bb#EA0032&#8243; button_border_width=\u00bb0px\u00bb button_border_radius=\u00bb100px\u00bb button_icon=\u00bb&#xe031;||divi||400&#8243; custom_margin=\u00bb351px|||324px|false|false\u00bb custom_margin_tablet=\u00bb150px|||180px|false|false\u00bb custom_margin_phone=\u00bb34px|||96px|false|false\u00bb custom_margin_last_edited=\u00bbon|desktop\u00bb button_text_size_tablet=\u00bb14px\u00bb button_text_size_phone=\u00bb7px\u00bb button_text_size_last_edited=\u00bbon|tablet\u00bb box_shadow_style=\u00bbpreset3&#8243; global_colors_info=\u00bb{}\u00bb][\/et_pb_button][\/et_pb_column][\/et_pb_row][\/et_pb_section][et_pb_section fb_built=\u00bb1&#8243; _builder_version=\u00bb4.27.5&#8243; _module_preset=\u00bbdefault\u00bb background_enable_color=\u00bboff\u00bb background_image=\u00bbhttps:\/\/daphnepaz.uproyecto.com\/wp-content\/uploads\/2026\/03\/Carpetas4.1.png\u00bb height=\u00bb694px\u00bb height_tablet=\u00bb320px\u00bb height_phone=\u00bb166px\u00bb height_last_edited=\u00bbon|tablet\u00bb hover_enabled=\u00bb0&#8243; background_last_edited=\u00bbon|phone\u00bb background_image_phone=\u00bbhttps:\/\/daphnepaz.uproyecto.com\/wp-content\/uploads\/2026\/03\/Carpetas4.1.png\u00bb background_enable_image_phone=\u00bbon\u00bb global_colors_info=\u00bb{}\u00bb sticky_enabled=\u00bb0&#8243;][et_pb_row _builder_version=\u00bb4.27.5&#8243; _module_preset=\u00bbdefault\u00bb global_colors_info=\u00bb{}\u00bb][et_pb_column type=\u00bb4_4&#8243; _builder_version=\u00bb4.27.5&#8243; _module_preset=\u00bbdefault\u00bb global_colors_info=\u00bb{}\u00bb][et_pb_button button_url=\u00bbhttps:\/\/daphnepaz.uproyecto.com\/?page_id=69&#8243; button_text=\u00bbVer m\u00e1s\u00bb _builder_version=\u00bb4.27.5&#8243; _module_preset=\u00bbdefault\u00bb custom_button=\u00bbon\u00bb button_text_color=\u00bb#E3E0FD\u00bb button_bg_color=\u00bb#4B0073&#8243; button_border_width=\u00bb0px\u00bb button_border_radius=\u00bb100px\u00bb button_icon=\u00bb&#xe031;||divi||400&#8243; custom_margin=\u00bb422px|||324px|false|false\u00bb custom_margin_tablet=\u00bb150px|||180px|false|false\u00bb custom_margin_phone=\u00bb34px|||96px|false|false\u00bb custom_margin_last_edited=\u00bbon|desktop\u00bb hover_enabled=\u00bb0&#8243; button_text_size_tablet=\u00bb14px\u00bb button_text_size_phone=\u00bb7px\u00bb button_text_size_last_edited=\u00bbon|tablet\u00bb box_shadow_style=\u00bbpreset3&#8243; global_colors_info=\u00bb{}\u00bb sticky_enabled=\u00bb0&#8243;][\/et_pb_button][\/et_pb_column][\/et_pb_row][\/et_pb_section][et_pb_section fb_built=\u00bb1&#8243; _builder_version=\u00bb4.27.5&#8243; _module_preset=\u00bbdefault\u00bb background_video_webm=\u00bbhttps:\/\/daphnepaz.uproyecto.com\/wp-content\/uploads\/2026\/03\/Daphne-COMPU3.webm\u00bb width_tablet=\u00bb\u00bb width_phone=\u00bb\u00bb width_last_edited=\u00bbon|phone\u00bb min_height_tablet=\u00bb100px\u00bb min_height_phone=\u00bb100px\u00bb min_height_last_edited=\u00bbon|tablet\u00bb height=\u00bb934px\u00bb height_tablet=\u00bb433px\u00bb height_phone=\u00bb224px\u00bb height_last_edited=\u00bbon|tablet\u00bb max_height_tablet=\u00bb\u00bb max_height_phone=\u00bb\u00bb max_height_last_edited=\u00bbon|phone\u00bb global_colors_info=\u00bb{}\u00bb][et_pb_row _builder_version=\u00bb4.27.5&#8243; _module_preset=\u00bbdefault\u00bb global_colors_info=\u00bb{}\u00bb][et_pb_column type=\u00bb4_4&#8243; _builder_version=\u00bb4.27.5&#8243; _module_preset=\u00bbdefault\u00bb global_colors_info=\u00bb{}\u00bb][\/et_pb_column][\/et_pb_row][\/et_pb_section]<\/p>\n","protected":false},"excerpt":{"rendered":"<p>Soy Daphne, tengo 20 a\u00f1os y estudio Dise\u00f1o Gr\u00e1fico. Mi nombre Daphne expresa mi esencia, una mezcla de intuici\u00f3n y creatividad. Abro las puertas de mi mundo creativo para compartir mi visi\u00f3n, mi proceso y todo lo que puedo aportar a tu marca a trav\u00e9s del dise\u00f1o, el branding, redes sociales, fotograf\u00eda y m\u00e1s.<\/p>\n","protected":false},"author":1,"featured_media":0,"parent":0,"menu_order":0,"comment_status":"closed","ping_status":"closed","template":"","meta":{"_et_pb_use_builder":"on","_et_pb_old_content":"","_et_gb_content_width":"","_joinchat":[],"footnotes":""},"class_list":["post-78","page","type-page","status-publish","hentry"],"_links":{"self":[{"href":"https:\/\/daphnepaz.uproyecto.com\/index.php?rest_route=\/wp\/v2\/pages\/78","targetHints":{"allow":["GET"]}}],"collection":[{"href":"https:\/\/daphnepaz.uproyecto.com\/index.php?rest_route=\/wp\/v2\/pages"}],"about":[{"href":"https:\/\/daphnepaz.uproyecto.com\/index.php?rest_route=\/wp\/v2\/types\/page"}],"author":[{"embeddable":true,"href":"https:\/\/daphnepaz.uproyecto.com\/index.php?rest_route=\/wp\/v2\/users\/1"}],"replies":[{"embeddable":true,"href":"https:\/\/daphnepaz.uproyecto.com\/index.php?rest_route=%2Fwp%2Fv2%2Fcomments&post=78"}],"version-history":[{"count":46,"href":"https:\/\/daphnepaz.uproyecto.com\/index.php?rest_route=\/wp\/v2\/pages\/78\/revisions"}],"predecessor-version":[{"id":440,"href":"https:\/\/daphnepaz.uproyecto.com\/index.php?rest_route=\/wp\/v2\/pages\/78\/revisions\/440"}],"wp:attachment":[{"href":"https:\/\/daphnepaz.uproyecto.com\/index.php?rest_route=%2Fwp%2Fv2%2Fmedia&parent=78"}],"curies":[{"name":"wp","href":"https:\/\/api.w.org\/{rel}","templated":true}]}}